{"id":48,"date":"2025-06-07T19:08:20","date_gmt":"2025-06-07T17:08:20","guid":{"rendered":"https:\/\/charita.farnostlamac.sk\/?page_id=48"},"modified":"2026-03-11T08:34:45","modified_gmt":"2026-03-11T07:34:45","slug":"aktivity","status":"publish","type":"page","link":"https:\/\/charita.farnostlamac.sk\/index.php\/aktivity\/","title":{"rendered":"Aktivity"},"content":{"rendered":"\n<div class=\"wp-block-group card-shadow is-layout-constrained wp-container-core-group-is-layout-9bf26167 wp-block-group-is-layout-constrained\" style=\"border-style:none;border-width:0px;border-radius:15px;margin-top:0em;margin-bottom:2em;padding-top:1em;padding-right:1em;padding-bottom:1em;padding-left:1em\">\n<h2 class=\"wp-block-heading\">2025<\/h2>\n\n\n\n<hr class=\"wp-block-separator has-text-color has-alpha-channel-opacity has-background is-style-wide\" style=\"background-color:#ffecb8;color:#ffecb8\"\/>\n\n\n\n<p><strong><em>Adventn\u00fd ko\u0161\u00edk 2025<\/em><\/strong><\/p>\n\n\n\n<p>Charita je l\u00e1ska a&nbsp;milosrdenstvo. Je to najm\u00e4 praktick\u00e1 l\u00e1ska k&nbsp;bl\u00ed\u017enemu. &nbsp;Po\u010das tohtoro\u010dn\u00e9ho adventu poz\u00fdvame aj na\u0161e deti a&nbsp;ml\u00e1de\u017e by\u0165 s\u00fa\u010das\u0165ou dobr\u00e9ho diela a&nbsp;prejavi\u0165 svoju l\u00e1sku \u00faplne konkr\u00e9tnym sp\u00f4sobom. Vreckom ry\u017ee, mliekom, m\u00fakou alebo zubnou pastou. P\u00fdtate sa komu by nie\u010do tak\u00e9 oby\u010dajn\u00e9 mohlo urobi\u0165 rados\u0165?<\/p>\n\n\n\n<p>Mnoh\u00fdm. De\u0165om, rodin\u00e1m, seniorom. T\u00fdm, ktor\u00ed si aj tak\u00e9to oby\u010dajn\u00e9 veci z&nbsp;r\u00f4znych d\u00f4vodov nedok\u00e1\u017eu k\u00fapi\u0165. &nbsp;<\/p>\n\n\n\n<p>Ka\u017ed\u00fa adventn\u00fa nede\u013eu pred sv. om\u0161ou o&nbsp;9:00 hod. prines\u00fa deti svoje dary vo forme trvanliv\u00fdch potrav\u00edn alebo drog\u00e9rie a&nbsp;vlo\u017eia ich do ko\u0161\u00edka, ktor\u00fd bude umiestnen\u00fd na vidite\u013enom mieste v&nbsp;kostole sv. Margity.<\/p>\n\n\n\n<ol class=\"wp-block-list\">\n<li>Adventn\u00e1 nede\u013ea (30.11.2025): trvanliv\u00e9 potraviny (napr.: cestoviny, ry\u017ea, olej, konzervy)<\/li>\n\n\n\n<li>Adventn\u00e1 nede\u013ea (7.12.2025): &nbsp;zdrav\u00e9 sladkosti (orie\u0161ky, su\u0161en\u00e9 ovocie) + hra\u010dky (nie ply\u0161\u00e1ky)<\/li>\n\n\n\n<li>Adventn\u00e1 nede\u013ea (14.12.2025): drog\u00e9ria (napr.: zubn\u00e1 pasta, sprchovac\u00ed g\u00e9l, \u0161amp\u00f3n, sapon\u00e1t na riad)<\/li>\n\n\n\n<li>Adventn\u00e1 nede\u013ea (21.12.2025): trvanliv\u00e9 potraviny (napr.: cestoviny, ry\u017ea, olej, konzervy)<\/li>\n<\/ol>\n\n\n\n<p><em>\u010eakujeme, \u017ee n\u00e1m pom\u00e1hate pom\u00e1ha\u0165 in\u00fdm. V\u0161etci sa tak st\u00e1vame s\u00fa\u010das\u0165ou ve\u013ek\u00e9ho diela l\u00e1sky, teda charity.<\/em><\/p>\n\n\n\n<figure class=\"wp-block-gallery has-nested-images columns-default is-cropped wp-block-gallery-1 is-layout-flex wp-block-gallery-is-layout-flex\">\n<figure class=\"wp-block-image size-large\"><img fetchpriority=\"high\" decoding=\"async\" width=\"1024\" height=\"768\" data-id=\"538\" src=\"https:\/\/charita.farnostlamac.sk\/wp-content\/uploads\/2025\/12\/Kosik2-1024x768.jpeg\" alt=\"\" class=\"wp-image-538\" srcset=\"https:\/\/charita.farnostlamac.sk\/wp-content\/uploads\/2025\/12\/Kosik2-1024x768.jpeg 1024w, https:\/\/charita.farnostlamac.sk\/wp-content\/uploads\/2025\/12\/Kosik2-300x225.jpeg 300w, https:\/\/charita.farnostlamac.sk\/wp-content\/uploads\/2025\/12\/Kosik2-768x576.jpeg 768w, https:\/\/charita.farnostlamac.sk\/wp-content\/uploads\/2025\/12\/Kosik2-1536x1152.jpeg 1536w, https:\/\/charita.farnostlamac.sk\/wp-content\/uploads\/2025\/12\/Kosik2.jpeg 2000w\" sizes=\"(max-width: 1024px) 100vw, 1024px\" \/><\/figure>\n\n\n\n<figure class=\"wp-block-image size-large\"><img decoding=\"async\" width=\"1024\" height=\"768\" data-id=\"539\" src=\"https:\/\/charita.farnostlamac.sk\/wp-content\/uploads\/2025\/12\/Kosik1-1024x768.jpeg\" alt=\"\" class=\"wp-image-539\" srcset=\"https:\/\/charita.farnostlamac.sk\/wp-content\/uploads\/2025\/12\/Kosik1-1024x768.jpeg 1024w, https:\/\/charita.farnostlamac.sk\/wp-content\/uploads\/2025\/12\/Kosik1-300x225.jpeg 300w, https:\/\/charita.farnostlamac.sk\/wp-content\/uploads\/2025\/12\/Kosik1-768x576.jpeg 768w, https:\/\/charita.farnostlamac.sk\/wp-content\/uploads\/2025\/12\/Kosik1-1536x1152.jpeg 1536w, https:\/\/charita.farnostlamac.sk\/wp-content\/uploads\/2025\/12\/Kosik1.jpeg 2000w\" sizes=\"(max-width: 1024px) 100vw, 1024px\" \/><\/figure>\n<\/figure>\n\n\n\n<p><strong><em>Varenie viano\u010dn\u00fdch polievok 2025<\/em><\/strong><\/p>\n\n\n\n<p>Pr\u00ed\u010fte n\u00e1s podpori\u0165 a&nbsp;ochutna\u0165, \u010do pre V\u00e1s navar\u00edme. V\u00edtan\u00ed ste v\u0161etci a&nbsp;budeme radi, ak n\u00e1s aj finan\u010dne podpor\u00edte. V\u00fddaj polievky bude od 15.00 hod. Okrem n\u00e1s polievku bud\u00fa vari\u0165 aj in\u00e9 organiz\u00e1cie. Te\u0161\u00edme sa na V\u00e1s aj na podporu pre \u013eud\u00ed, ktor\u00ed potrebuj\u00fa pomoc!<\/p>\n\n\n\n<figure class=\"wp-block-image aligncenter size-full\"><img decoding=\"async\" width=\"569\" height=\"807\" src=\"https:\/\/charita.farnostlamac.sk\/wp-content\/uploads\/2025\/11\/VareniePolievky.png\" alt=\"\" class=\"wp-image-525\" srcset=\"https:\/\/charita.farnostlamac.sk\/wp-content\/uploads\/2025\/11\/VareniePolievky.png 569w, https:\/\/charita.farnostlamac.sk\/wp-content\/uploads\/2025\/11\/VareniePolievky-212x300.png 212w\" sizes=\"(max-width: 569px) 100vw, 569px\" \/><\/figure>\n\n\n\n<figure class=\"wp-block-image size-large\"><img loading=\"lazy\" decoding=\"async\" width=\"724\" height=\"1024\" src=\"https:\/\/charita.farnostlamac.sk\/wp-content\/uploads\/2025\/12\/AdventneTrhy2025-724x1024.jpeg\" alt=\"\" class=\"wp-image-535\" srcset=\"https:\/\/charita.farnostlamac.sk\/wp-content\/uploads\/2025\/12\/AdventneTrhy2025-724x1024.jpeg 724w, https:\/\/charita.farnostlamac.sk\/wp-content\/uploads\/2025\/12\/AdventneTrhy2025-212x300.jpeg 212w, https:\/\/charita.farnostlamac.sk\/wp-content\/uploads\/2025\/12\/AdventneTrhy2025-768x1086.jpeg 768w, https:\/\/charita.farnostlamac.sk\/wp-content\/uploads\/2025\/12\/AdventneTrhy2025-1086x1536.jpeg 1086w, https:\/\/charita.farnostlamac.sk\/wp-content\/uploads\/2025\/12\/AdventneTrhy2025.jpeg 1131w\" sizes=\"(max-width: 724px) 100vw, 724px\" \/><\/figure>\n\n\n\n<figure class=\"wp-block-image aligncenter size-large\"><img loading=\"lazy\" decoding=\"async\" width=\"704\" height=\"1024\" src=\"https:\/\/charita.farnostlamac.sk\/wp-content\/uploads\/2025\/11\/charita-zbierka_FINAL-704x1024.png\" alt=\"\" class=\"wp-image-522\" srcset=\"https:\/\/charita.farnostlamac.sk\/wp-content\/uploads\/2025\/11\/charita-zbierka_FINAL-704x1024.png 704w, https:\/\/charita.farnostlamac.sk\/wp-content\/uploads\/2025\/11\/charita-zbierka_FINAL-206x300.png 206w, https:\/\/charita.farnostlamac.sk\/wp-content\/uploads\/2025\/11\/charita-zbierka_FINAL-768x1117.png 768w, https:\/\/charita.farnostlamac.sk\/wp-content\/uploads\/2025\/11\/charita-zbierka_FINAL-1056x1536.png 1056w, https:\/\/charita.farnostlamac.sk\/wp-content\/uploads\/2025\/11\/charita-zbierka_FINAL.png 1295w\" sizes=\"(max-width: 704px) 100vw, 704px\" \/><\/figure>\n<\/div>\n\n\n\n<div class=\"wp-block-group card-shadow is-layout-constrained wp-container-core-group-is-layout-95930f04 wp-block-group-is-layout-constrained\" style=\"border-style:none;border-width:0px;border-radius:15px;margin-top:0em;margin-bottom:2em;padding-top:1em;padding-right:1em;padding-bottom:1em;padding-left:1em\">\n<h2 class=\"wp-block-heading\">2024<\/h2>\n\n\n\n<hr class=\"wp-block-separator has-text-color has-alpha-channel-opacity has-background is-style-wide\" style=\"background-color:#ffecb8;color:#ffecb8\"\/>\n\n\n\n<p>Pripravujeme.<\/p>\n<\/div>\n\n\n\n<div class=\"wp-block-group card-shadow is-layout-constrained wp-container-core-group-is-layout-f34fb5fb wp-block-group-is-layout-constrained\" style=\"border-style:none;border-width:0px;border-radius:15px;margin-top:0em;margin-bottom:4em;padding-top:1em;padding-right:1em;padding-bottom:1em;padding-left:1em\">\n<div class=\"wp-block-group is-layout-constrained wp-container-core-group-is-layout-dc93bfa7 wp-block-group-is-layout-constrained\" style=\"border-style:none;border-width:0px;border-radius:0px;margin-top:0px;margin-bottom:0px;padding-top:0px;padding-right:0px;padding-bottom:0px;padding-left:0px\">\n<h2 class=\"wp-block-heading\">2023<\/h2>\n\n\n\n<hr class=\"wp-block-separator has-text-color has-alpha-channel-opacity has-background is-style-wide\" style=\"background-color:#ffecb8;color:#ffecb8\"\/>\n\n\n\n<p style=\"margin-top:1em\">Na\u0161a &#8222;neofici\u00e1lna&#8220; charita v Lama\u010di u\u017e fungovala nieko\u013eko rokov pred vznikom ofici\u00e1lnej farskej charity Lama\u010d, a to vo forme potravinovej a materi\u00e1lnej pomoci.<\/p>\n\n\n\n<p>Ve\u013ekou oporou a inici\u00e1torom rozbehu farskej charity Lama\u010d &#8211; da\u0165 v\u0161etky aktivity pod &#8222;jednu strechu&#8220; ktorou bude Farsk\u00e1 charita Lama\u010d bol predch\u00e1dzaj\u00faci far\u00e1r Leonard Antoni Pawlak, ktor\u00fd roky p\u00f4sobil ako mision\u00e1r v Afrike (Angole) a v Braz\u00edlii.<\/p>\n\n\n\n<p>V \u010dase vyhl\u00e1senia vojny Ukrajine sme pripravili 2 zbierky potravinovej a materi\u00e1lnej pomoci a pripravili priestor na b\u00fdvanie nad budovou fary pre matky s de\u0165mi a pre \u017eeny, ktor\u00e9 potrebovali pomoc.<\/p>\n<\/div>\n\n\n\n<figure class=\"wp-block-gallery has-nested-images columns-default is-cropped wp-block-gallery-2 is-layout-flex wp-block-gallery-is-layout-flex\">\n<figure class=\"wp-block-image size-full\"><img loading=\"lazy\" decoding=\"async\" width=\"617\" height=\"284\" data-id=\"73\" src=\"https:\/\/charita.farnostlamac.sk\/wp-content\/uploads\/2025\/06\/image-9.png\" alt=\"\" class=\"wp-image-73\" srcset=\"https:\/\/charita.farnostlamac.sk\/wp-content\/uploads\/2025\/06\/image-9.png 617w, https:\/\/charita.farnostlamac.sk\/wp-content\/uploads\/2025\/06\/image-9-300x138.png 300w\" sizes=\"(max-width: 617px) 100vw, 617px\" \/><\/figure>\n\n\n\n<figure class=\"wp-block-image size-full\"><img loading=\"lazy\" decoding=\"async\" width=\"473\" height=\"284\" data-id=\"76\" src=\"https:\/\/charita.farnostlamac.sk\/wp-content\/uploads\/2025\/06\/image-12.png\" alt=\"\" class=\"wp-image-76\" srcset=\"https:\/\/charita.farnostlamac.sk\/wp-content\/uploads\/2025\/06\/image-12.png 473w, https:\/\/charita.farnostlamac.sk\/wp-content\/uploads\/2025\/06\/image-12-300x180.png 300w\" sizes=\"(max-width: 473px) 100vw, 473px\" \/><\/figure>\n<\/figure>\n\n\n\n<figure class=\"wp-block-gallery has-nested-images columns-default is-cropped wp-block-gallery-3 is-layout-flex wp-block-gallery-is-layout-flex\">\n<figure class=\"wp-block-image size-large is-resized is-style-default\"><img loading=\"lazy\" decoding=\"async\" width=\"306\" height=\"632\" data-id=\"75\" src=\"https:\/\/charita.farnostlamac.sk\/wp-content\/uploads\/2025\/06\/image-11.png\" alt=\"\" class=\"wp-image-75\" style=\"width:227px;height:auto\" srcset=\"https:\/\/charita.farnostlamac.sk\/wp-content\/uploads\/2025\/06\/image-11.png 306w, https:\/\/charita.farnostlamac.sk\/wp-content\/uploads\/2025\/06\/image-11-145x300.png 145w\" sizes=\"(max-width: 306px) 100vw, 306px\" \/><\/figure>\n<\/figure>\n<\/div>\n\n\n\n<div class=\"wp-block-columns is-layout-flex wp-container-core-columns-is-layout-28f84493 wp-block-columns-is-layout-flex\" id=\"kontakt\">\n<div class=\"wp-block-column is-layout-flow wp-block-column-is-layout-flow\">\n<hr class=\"wp-block-separator has-text-color has-alpha-channel-opacity has-background is-style-wide\" style=\"background-color:#ffecb8;color:#ffecb8\"\/>\n\n\n\n<div class=\"wp-block-group is-layout-constrained wp-block-group-is-layout-constrained\">\n<h2 class=\"wp-block-heading has-black-color has-text-color has-link-color has-medium-font-size wp-elements-1c5be1e706bb72716531743060a1ae23\" style=\"text-transform:uppercase\">Kontakt<\/h2>\n\n\n\n<div class=\"wp-block-group is-layout-constrained wp-block-group-is-layout-constrained\">\n<figure class=\"wp-block-image alignleft size-full is-resized wp-duotone-unset-4\"><img loading=\"lazy\" decoding=\"async\" width=\"1865\" height=\"2560\" src=\"https:\/\/charita.farnostlamac.sk\/wp-content\/uploads\/2025\/06\/vecteezy_map-location-pin-icon_22187606-scaled.png\" alt=\"\" class=\"wp-image-157\" style=\"width:23px;height:auto\" srcset=\"https:\/\/charita.farnostlamac.sk\/wp-content\/uploads\/2025\/06\/vecteezy_map-location-pin-icon_22187606-scaled.png 1865w, https:\/\/charita.farnostlamac.sk\/wp-content\/uploads\/2025\/06\/vecteezy_map-location-pin-icon_22187606-219x300.png 219w, https:\/\/charita.farnostlamac.sk\/wp-content\/uploads\/2025\/06\/vecteezy_map-location-pin-icon_22187606-746x1024.png 746w, https:\/\/charita.farnostlamac.sk\/wp-content\/uploads\/2025\/06\/vecteezy_map-location-pin-icon_22187606-768x1054.png 768w, https:\/\/charita.farnostlamac.sk\/wp-content\/uploads\/2025\/06\/vecteezy_map-location-pin-icon_22187606-1119x1536.png 1119w, https:\/\/charita.farnostlamac.sk\/wp-content\/uploads\/2025\/06\/vecteezy_map-location-pin-icon_22187606-1492x2048.png 1492w\" sizes=\"(max-width: 1865px) 100vw, 1865px\" \/><\/figure>\n\n\n\n<p>Vran\u010dovi\u010dova 58, 841 03 Bratislava<\/p>\n<\/div>\n\n\n\n<div class=\"wp-block-group is-layout-constrained wp-block-group-is-layout-constrained\">\n<figure class=\"wp-block-image alignleft size-full is-resized\"><img loading=\"lazy\" decoding=\"async\" width=\"2560\" height=\"2560\" src=\"https:\/\/charita.farnostlamac.sk\/wp-content\/uploads\/2025\/06\/vecteezy_telephone-contact-icon-in-black-circle-shape_8506400-scaled.png\" alt=\"\" class=\"wp-image-156\" style=\"width:23px;height:auto\" srcset=\"https:\/\/charita.farnostlamac.sk\/wp-content\/uploads\/2025\/06\/vecteezy_telephone-contact-icon-in-black-circle-shape_8506400-scaled.png 2560w, https:\/\/charita.farnostlamac.sk\/wp-content\/uploads\/2025\/06\/vecteezy_telephone-contact-icon-in-black-circle-shape_8506400-300x300.png 300w, https:\/\/charita.farnostlamac.sk\/wp-content\/uploads\/2025\/06\/vecteezy_telephone-contact-icon-in-black-circle-shape_8506400-1024x1024.png 1024w, https:\/\/charita.farnostlamac.sk\/wp-content\/uploads\/2025\/06\/vecteezy_telephone-contact-icon-in-black-circle-shape_8506400-150x150.png 150w, https:\/\/charita.farnostlamac.sk\/wp-content\/uploads\/2025\/06\/vecteezy_telephone-contact-icon-in-black-circle-shape_8506400-768x768.png 768w, https:\/\/charita.farnostlamac.sk\/wp-content\/uploads\/2025\/06\/vecteezy_telephone-contact-icon-in-black-circle-shape_8506400-1536x1536.png 1536w, https:\/\/charita.farnostlamac.sk\/wp-content\/uploads\/2025\/06\/vecteezy_telephone-contact-icon-in-black-circle-shape_8506400-2048x2048.png 2048w\" sizes=\"(max-width: 2560px) 100vw, 2560px\" \/><\/figure>\n\n\n\n<p><strong><em> <\/em><\/strong>+421 918 588 941<\/p>\n<\/div>\n\n\n\n<div class=\"wp-block-group is-content-justification-center is-layout-constrained wp-block-group-is-layout-constrained\">\n<figure class=\"wp-block-image alignleft size-full is-resized wp-duotone-dark-grayscale\"><img loading=\"lazy\" decoding=\"async\" width=\"2560\" height=\"2560\" src=\"https:\/\/charita.farnostlamac.sk\/wp-content\/uploads\/2025\/06\/vecteezy_email-and-mail-icon-black_20009614-scaled.png\" alt=\"\" class=\"wp-image-155\" style=\"width:26px;height:auto\" srcset=\"https:\/\/charita.farnostlamac.sk\/wp-content\/uploads\/2025\/06\/vecteezy_email-and-mail-icon-black_20009614-scaled.png 2560w, https:\/\/charita.farnostlamac.sk\/wp-content\/uploads\/2025\/06\/vecteezy_email-and-mail-icon-black_20009614-300x300.png 300w, https:\/\/charita.farnostlamac.sk\/wp-content\/uploads\/2025\/06\/vecteezy_email-and-mail-icon-black_20009614-1024x1024.png 1024w, https:\/\/charita.farnostlamac.sk\/wp-content\/uploads\/2025\/06\/vecteezy_email-and-mail-icon-black_20009614-150x150.png 150w, https:\/\/charita.farnostlamac.sk\/wp-content\/uploads\/2025\/06\/vecteezy_email-and-mail-icon-black_20009614-768x768.png 768w, https:\/\/charita.farnostlamac.sk\/wp-content\/uploads\/2025\/06\/vecteezy_email-and-mail-icon-black_20009614-1536x1536.png 1536w, https:\/\/charita.farnostlamac.sk\/wp-content\/uploads\/2025\/06\/vecteezy_email-and-mail-icon-black_20009614-2048x2048.png 2048w\" sizes=\"(max-width: 2560px) 100vw, 2560px\" \/><\/figure>\n\n\n\n<p>farskacharitalamac@gmail.com<\/p>\n<\/div>\n<\/div>\n<\/div>\n\n\n\n<div class=\"wp-block-column hide-xs is-layout-flow wp-block-column-is-layout-flow\">\n<iframe src=\"https:\/\/www.google.com\/maps\/embed?pb=!1m17!1m12!1m3!1d258.44212039559085!2d17.05080944279019!3d48.19224437760466!2m3!1f0!2f0!3f0!3m2!1i1024!2i768!4f13.1!3m2!1m1!2zNDjCsDExJzMyLjMiTiAxN8KwMDMnMDMuMSJF!5e1!3m2!1scs!2ssk!4v1750005131569!5m2!1scs!2ssk\" width=\"600\" height=\"450\" style=\"border:0;\" allowfullscreen=\"\" loading=\"lazy\" referrerpolicy=\"no-referrer-when-downgrade\"><\/iframe>\n<\/div>\n<\/div>\n","protected":false},"excerpt":{"rendered":"<p>2025 Adventn\u00fd ko\u0161\u00edk 2025 Charita je l\u00e1ska a&nbsp;milosrdenstvo. Je to najm\u00e4 praktick\u00e1 l\u00e1ska k&nbsp;bl\u00ed\u017enemu. &nbsp;Po\u010das tohtoro\u010dn\u00e9ho adventu poz\u00fdvame aj na\u0161e deti a&nbsp;ml\u00e1de\u017e by\u0165 s\u00fa\u010das\u0165ou dobr\u00e9ho diela a&nbsp;prejavi\u0165 svoju l\u00e1sku \u00faplne konkr\u00e9tnym sp\u00f4sobom. Vreckom ry\u017ee, mliekom, m\u00fakou alebo zubnou pastou. P\u00fdtate sa komu by nie\u010do tak\u00e9 oby\u010dajn\u00e9 mohlo urobi\u0165 rados\u0165? Mnoh\u00fdm. De\u0165om, rodin\u00e1m, seniorom. T\u00fdm, ktor\u00ed [&hellip;]<\/p>\n","protected":false},"author":2,"featured_media":0,"parent":0,"menu_order":0,"comment_status":"closed","ping_status":"closed","template":"","meta":{"footnotes":""},"class_list":["post-48","page","type-page","status-publish","hentry"],"_links":{"self":[{"href":"https:\/\/charita.farnostlamac.sk\/index.php\/wp-json\/wp\/v2\/pages\/48","targetHints":{"allow":["GET"]}}],"collection":[{"href":"https:\/\/charita.farnostlamac.sk\/index.php\/wp-json\/wp\/v2\/pages"}],"about":[{"href":"https:\/\/charita.farnostlamac.sk\/index.php\/wp-json\/wp\/v2\/types\/page"}],"author":[{"embeddable":true,"href":"https:\/\/charita.farnostlamac.sk\/index.php\/wp-json\/wp\/v2\/users\/2"}],"replies":[{"embeddable":true,"href":"https:\/\/charita.farnostlamac.sk\/index.php\/wp-json\/wp\/v2\/comments?post=48"}],"version-history":[{"count":39,"href":"https:\/\/charita.farnostlamac.sk\/index.php\/wp-json\/wp\/v2\/pages\/48\/revisions"}],"predecessor-version":[{"id":549,"href":"https:\/\/charita.farnostlamac.sk\/index.php\/wp-json\/wp\/v2\/pages\/48\/revisions\/549"}],"wp:attachment":[{"href":"https:\/\/charita.farnostlamac.sk\/index.php\/wp-json\/wp\/v2\/media?parent=48"}],"curies":[{"name":"wp","href":"https:\/\/api.w.org\/{rel}","templated":true}]}}