{"id":38,"date":"2025-06-07T18:52:26","date_gmt":"2025-06-07T16:52:26","guid":{"rendered":"https:\/\/charita.farnostlamac.sk\/?page_id=38"},"modified":"2025-10-05T15:12:29","modified_gmt":"2025-10-05T13:12:29","slug":"slovenska-katolicka-charita","status":"publish","type":"page","link":"https:\/\/charita.farnostlamac.sk\/index.php\/slovenska-katolicka-charita\/","title":{"rendered":"Slovensk\u00e1 katol\u00edcka charita"},"content":{"rendered":"\n<div class=\"wp-block-columns card-shadow is-layout-flex wp-container-core-columns-is-layout-602bc456 wp-block-columns-is-layout-flex\" style=\"border-width:1px;border-radius:15px;padding-top:1em;padding-right:1em;padding-bottom:1em;padding-left:1em\">\n<div class=\"wp-block-column is-layout-flow wp-block-column-is-layout-flow\" style=\"flex-basis:50%\">\n<p><strong>Bro\u017e\u00farku si m\u00f4\u017eete stiahnu\u0165 na tomto <a href=\"https:\/\/charita.farnostlamac.sk\/wp-content\/uploads\/2025\/06\/Brozura-FCH-WEB.pptx\">odkaze<\/a><\/strong><\/p>\n\n\n\n<figure class=\"wp-block-image size-large\"><img fetchpriority=\"high\" decoding=\"async\" width=\"724\" height=\"1024\" src=\"https:\/\/charita.farnostlamac.sk\/wp-content\/uploads\/2025\/06\/image-724x1024.png\" alt=\"\" class=\"wp-image-39\" srcset=\"https:\/\/charita.farnostlamac.sk\/wp-content\/uploads\/2025\/06\/image-724x1024.png 724w, https:\/\/charita.farnostlamac.sk\/wp-content\/uploads\/2025\/06\/image-212x300.png 212w, https:\/\/charita.farnostlamac.sk\/wp-content\/uploads\/2025\/06\/image-768x1086.png 768w, https:\/\/charita.farnostlamac.sk\/wp-content\/uploads\/2025\/06\/image.png 1061w\" sizes=\"(max-width: 724px) 100vw, 724px\" \/><\/figure>\n<\/div>\n<\/div>\n\n\n\n<div class=\"wp-block-columns is-layout-flex wp-container-core-columns-is-layout-28f84493 wp-block-columns-is-layout-flex\" id=\"kontakt\">\n<div class=\"wp-block-column is-layout-flow wp-block-column-is-layout-flow\">\n<hr class=\"wp-block-separator has-text-color has-alpha-channel-opacity has-background is-style-wide\" style=\"background-color:#ffecb8;color:#ffecb8\"\/>\n\n\n\n<div class=\"wp-block-group is-layout-constrained wp-block-group-is-layout-constrained\">\n<h2 class=\"wp-block-heading has-black-color has-text-color has-link-color has-medium-font-size wp-elements-1c5be1e706bb72716531743060a1ae23\" style=\"text-transform:uppercase\">Kontakt<\/h2>\n\n\n\n<div class=\"wp-block-group is-layout-constrained wp-block-group-is-layout-constrained\">\n<figure class=\"wp-block-image alignleft size-full is-resized wp-duotone-unset-1\"><img decoding=\"async\" width=\"1865\" height=\"2560\" src=\"https:\/\/charita.farnostlamac.sk\/wp-content\/uploads\/2025\/06\/vecteezy_map-location-pin-icon_22187606-scaled.png\" alt=\"\" class=\"wp-image-157\" style=\"width:23px;height:auto\" srcset=\"https:\/\/charita.farnostlamac.sk\/wp-content\/uploads\/2025\/06\/vecteezy_map-location-pin-icon_22187606-scaled.png 1865w, https:\/\/charita.farnostlamac.sk\/wp-content\/uploads\/2025\/06\/vecteezy_map-location-pin-icon_22187606-219x300.png 219w, https:\/\/charita.farnostlamac.sk\/wp-content\/uploads\/2025\/06\/vecteezy_map-location-pin-icon_22187606-746x1024.png 746w, https:\/\/charita.farnostlamac.sk\/wp-content\/uploads\/2025\/06\/vecteezy_map-location-pin-icon_22187606-768x1054.png 768w, https:\/\/charita.farnostlamac.sk\/wp-content\/uploads\/2025\/06\/vecteezy_map-location-pin-icon_22187606-1119x1536.png 1119w, https:\/\/charita.farnostlamac.sk\/wp-content\/uploads\/2025\/06\/vecteezy_map-location-pin-icon_22187606-1492x2048.png 1492w\" sizes=\"(max-width: 1865px) 100vw, 1865px\" \/><\/figure>\n\n\n\n<p>Vran\u010dovi\u010dova 58, 841 03 Bratislava<\/p>\n<\/div>\n\n\n\n<div class=\"wp-block-group is-layout-constrained wp-block-group-is-layout-constrained\">\n<figure class=\"wp-block-image alignleft size-full is-resized\"><img decoding=\"async\" width=\"2560\" height=\"2560\" src=\"https:\/\/charita.farnostlamac.sk\/wp-content\/uploads\/2025\/06\/vecteezy_telephone-contact-icon-in-black-circle-shape_8506400-scaled.png\" alt=\"\" class=\"wp-image-156\" style=\"width:23px;height:auto\" srcset=\"https:\/\/charita.farnostlamac.sk\/wp-content\/uploads\/2025\/06\/vecteezy_telephone-contact-icon-in-black-circle-shape_8506400-scaled.png 2560w, https:\/\/charita.farnostlamac.sk\/wp-content\/uploads\/2025\/06\/vecteezy_telephone-contact-icon-in-black-circle-shape_8506400-300x300.png 300w, https:\/\/charita.farnostlamac.sk\/wp-content\/uploads\/2025\/06\/vecteezy_telephone-contact-icon-in-black-circle-shape_8506400-1024x1024.png 1024w, https:\/\/charita.farnostlamac.sk\/wp-content\/uploads\/2025\/06\/vecteezy_telephone-contact-icon-in-black-circle-shape_8506400-150x150.png 150w, https:\/\/charita.farnostlamac.sk\/wp-content\/uploads\/2025\/06\/vecteezy_telephone-contact-icon-in-black-circle-shape_8506400-768x768.png 768w, https:\/\/charita.farnostlamac.sk\/wp-content\/uploads\/2025\/06\/vecteezy_telephone-contact-icon-in-black-circle-shape_8506400-1536x1536.png 1536w, https:\/\/charita.farnostlamac.sk\/wp-content\/uploads\/2025\/06\/vecteezy_telephone-contact-icon-in-black-circle-shape_8506400-2048x2048.png 2048w\" sizes=\"(max-width: 2560px) 100vw, 2560px\" \/><\/figure>\n\n\n\n<p><strong><em> <\/em><\/strong>+421 918 588 941<\/p>\n<\/div>\n\n\n\n<div class=\"wp-block-group is-content-justification-center is-layout-constrained wp-block-group-is-layout-constrained\">\n<figure class=\"wp-block-image alignleft size-full is-resized wp-duotone-dark-grayscale\"><img loading=\"lazy\" decoding=\"async\" width=\"2560\" height=\"2560\" src=\"https:\/\/charita.farnostlamac.sk\/wp-content\/uploads\/2025\/06\/vecteezy_email-and-mail-icon-black_20009614-scaled.png\" alt=\"\" class=\"wp-image-155\" style=\"width:26px;height:auto\" srcset=\"https:\/\/charita.farnostlamac.sk\/wp-content\/uploads\/2025\/06\/vecteezy_email-and-mail-icon-black_20009614-scaled.png 2560w, https:\/\/charita.farnostlamac.sk\/wp-content\/uploads\/2025\/06\/vecteezy_email-and-mail-icon-black_20009614-300x300.png 300w, https:\/\/charita.farnostlamac.sk\/wp-content\/uploads\/2025\/06\/vecteezy_email-and-mail-icon-black_20009614-1024x1024.png 1024w, https:\/\/charita.farnostlamac.sk\/wp-content\/uploads\/2025\/06\/vecteezy_email-and-mail-icon-black_20009614-150x150.png 150w, https:\/\/charita.farnostlamac.sk\/wp-content\/uploads\/2025\/06\/vecteezy_email-and-mail-icon-black_20009614-768x768.png 768w, https:\/\/charita.farnostlamac.sk\/wp-content\/uploads\/2025\/06\/vecteezy_email-and-mail-icon-black_20009614-1536x1536.png 1536w, https:\/\/charita.farnostlamac.sk\/wp-content\/uploads\/2025\/06\/vecteezy_email-and-mail-icon-black_20009614-2048x2048.png 2048w\" sizes=\"(max-width: 2560px) 100vw, 2560px\" \/><\/figure>\n\n\n\n<p>farskacharitalamac@gmail.com<\/p>\n<\/div>\n<\/div>\n<\/div>\n\n\n\n<div class=\"wp-block-column hide-xs is-layout-flow wp-block-column-is-layout-flow\">\n<iframe src=\"https:\/\/www.google.com\/maps\/embed?pb=!1m17!1m12!1m3!1d258.44212039559085!2d17.05080944279019!3d48.19224437760466!2m3!1f0!2f0!3f0!3m2!1i1024!2i768!4f13.1!3m2!1m1!2zNDjCsDExJzMyLjMiTiAxN8KwMDMnMDMuMSJF!5e1!3m2!1scs!2ssk!4v1750005131569!5m2!1scs!2ssk\" width=\"600\" height=\"450\" style=\"border:0;\" allowfullscreen=\"\" loading=\"lazy\" referrerpolicy=\"no-referrer-when-downgrade\"><\/iframe>\n<\/div>\n<\/div>\n","protected":false},"excerpt":{"rendered":"<p>Bro\u017e\u00farku si m\u00f4\u017eete stiahnu\u0165 na tomto odkaze<\/p>\n","protected":false},"author":2,"featured_media":0,"parent":0,"menu_order":0,"comment_status":"closed","ping_status":"closed","template":"","meta":{"footnotes":""},"class_list":["post-38","page","type-page","status-publish","hentry"],"_links":{"self":[{"href":"https:\/\/charita.farnostlamac.sk\/index.php\/wp-json\/wp\/v2\/pages\/38","targetHints":{"allow":["GET"]}}],"collection":[{"href":"https:\/\/charita.farnostlamac.sk\/index.php\/wp-json\/wp\/v2\/pages"}],"about":[{"href":"https:\/\/charita.farnostlamac.sk\/index.php\/wp-json\/wp\/v2\/types\/page"}],"author":[{"embeddable":true,"href":"https:\/\/charita.farnostlamac.sk\/index.php\/wp-json\/wp\/v2\/users\/2"}],"replies":[{"embeddable":true,"href":"https:\/\/charita.farnostlamac.sk\/index.php\/wp-json\/wp\/v2\/comments?post=38"}],"version-history":[{"count":6,"href":"https:\/\/charita.farnostlamac.sk\/index.php\/wp-json\/wp\/v2\/pages\/38\/revisions"}],"predecessor-version":[{"id":487,"href":"https:\/\/charita.farnostlamac.sk\/index.php\/wp-json\/wp\/v2\/pages\/38\/revisions\/487"}],"wp:attachment":[{"href":"https:\/\/charita.farnostlamac.sk\/index.php\/wp-json\/wp\/v2\/media?parent=38"}],"curies":[{"name":"wp","href":"https:\/\/api.w.org\/{rel}","templated":true}]}}